{"id":144,"date":"2024-08-05T09:26:40","date_gmt":"2024-08-05T09:26:40","guid":{"rendered":"https:\/\/casapraquetequero.com.br\/sobre\/"},"modified":"2024-09-03T13:12:52","modified_gmt":"2024-09-03T13:12:52","slug":"about","status":"publish","type":"page","link":"https:\/\/casapraquetequero.com.br\/en\/about\/","title":{"rendered":"About"},"content":{"rendered":"<html><body><p>If you have any questions about the website, advertising or anything else, please don't hesitate to contact us, we look forward to answering them on our contact page, we work 24 hours a day in this field and have enough experience to provide you with Casa Pra Que Te Quero.<\/p>\n<\/body><\/html>","protected":false},"excerpt":{"rendered":"<p>If you have any questions about the website, advertising or anything else, please don't hesitate to contact us, we look forward to answering them on our contact page, we work 24 hours a day in this field and have enough experience to provide you with Casa Pra Que Te Quero.<\/p>","protected":false},"author":1,"featured_media":0,"parent":0,"menu_order":0,"comment_status":"closed","ping_status":"closed","template":"","meta":{"footnotes":""},"class_list":["post-144","page","type-page","status-publish","hentry"],"yoast_head":"<!-- This site is optimized with the Yoast SEO plugin v27.3 - https:\/\/yoast.com\/product\/yoast-seo-wordpress\/ -->\n<title>Sobre - Receita Exclusiva<\/title>\n<meta name=\"robots\" content=\"index, follow, max-snippet:-1, max-image-preview:large, max-video-preview:-1\" \/>\n<link rel=\"canonical\" href=\"https:\/\/casapraquetequero.com.br\/en\/about\/\" \/>\n<meta property=\"og:locale\" content=\"en_US\" \/>\n<meta property=\"og:type\" content=\"article\" \/>\n<meta property=\"og:title\" content=\"Sobre - Receita Exclusiva\" \/>\n<meta property=\"og:description\" content=\"Se voc\u00ea tiver alguma d\u00favida sobre o Site, Publicidade e qualquer outro assunto, n\u00e3o hesite em nos contatar, estamos ansiosos para respond\u00ea-lo em nossa p\u00e1gina de contato, trabalhamos 24 horas neste campo e temos experi\u00eancia suficiente para fornecer enviar para Casa Pra Que Te Quero\" \/>\n<meta property=\"og:url\" content=\"https:\/\/casapraquetequero.com.br\/en\/about\/\" \/>\n<meta property=\"og:site_name\" content=\"Receita Exclusiva\" \/>\n<meta property=\"article:modified_time\" content=\"2024-09-03T13:12:52+00:00\" \/>\n<meta name=\"twitter:card\" content=\"summary_large_image\" \/>\n<meta name=\"twitter:label1\" content=\"Est. reading time\" \/>\n\t<meta name=\"twitter:data1\" content=\"1 minute\" \/>\n<script type=\"application\/ld+json\" class=\"yoast-schema-graph\">{\"@context\":\"https:\\\/\\\/schema.org\",\"@graph\":[{\"@type\":\"WebPage\",\"@id\":\"https:\\\/\\\/casapraquetequero.com.br\\\/sobre\\\/\",\"url\":\"https:\\\/\\\/casapraquetequero.com.br\\\/sobre\\\/\",\"name\":\"Sobre - Receita Exclusiva\",\"isPartOf\":{\"@id\":\"https:\\\/\\\/casapraquetequero.com.br\\\/#website\"},\"datePublished\":\"2024-08-05T09:26:40+00:00\",\"dateModified\":\"2024-09-03T13:12:52+00:00\",\"breadcrumb\":{\"@id\":\"https:\\\/\\\/casapraquetequero.com.br\\\/sobre\\\/#breadcrumb\"},\"inLanguage\":\"en-US\",\"potentialAction\":[{\"@type\":\"ReadAction\",\"target\":[\"https:\\\/\\\/casapraquetequero.com.br\\\/sobre\\\/\"]}]},{\"@type\":\"BreadcrumbList\",\"@id\":\"https:\\\/\\\/casapraquetequero.com.br\\\/sobre\\\/#breadcrumb\",\"itemListElement\":[{\"@type\":\"ListItem\",\"position\":1,\"name\":\"Home\",\"item\":\"https:\\\/\\\/casapraquetequero.com.br\\\/\"},{\"@type\":\"ListItem\",\"position\":2,\"name\":\"Sobre\"}]},{\"@type\":\"WebSite\",\"@id\":\"https:\\\/\\\/casapraquetequero.com.br\\\/#website\",\"url\":\"https:\\\/\\\/casapraquetequero.com.br\\\/\",\"name\":\"Receita Exclusiva\",\"description\":\"Conectando sabor e conforto\",\"publisher\":{\"@id\":\"https:\\\/\\\/casapraquetequero.com.br\\\/#organization\"},\"potentialAction\":[{\"@type\":\"SearchAction\",\"target\":{\"@type\":\"EntryPoint\",\"urlTemplate\":\"https:\\\/\\\/casapraquetequero.com.br\\\/?s={search_term_string}\"},\"query-input\":{\"@type\":\"PropertyValueSpecification\",\"valueRequired\":true,\"valueName\":\"search_term_string\"}}],\"inLanguage\":\"en-US\"},{\"@type\":\"Organization\",\"@id\":\"https:\\\/\\\/casapraquetequero.com.br\\\/#organization\",\"name\":\"Receita Exclusiva\",\"url\":\"https:\\\/\\\/casapraquetequero.com.br\\\/\",\"logo\":{\"@type\":\"ImageObject\",\"inLanguage\":\"en-US\",\"@id\":\"https:\\\/\\\/casapraquetequero.com.br\\\/#\\\/schema\\\/logo\\\/image\\\/\",\"url\":\"https:\\\/\\\/casapraquetequero.com.br\\\/wp-content\\\/uploads\\\/2024\\\/08\\\/cropped-casapraquetequero-logo.png\",\"contentUrl\":\"https:\\\/\\\/casapraquetequero.com.br\\\/wp-content\\\/uploads\\\/2024\\\/08\\\/cropped-casapraquetequero-logo.png\",\"width\":188,\"height\":70,\"caption\":\"Receita Exclusiva\"},\"image\":{\"@id\":\"https:\\\/\\\/casapraquetequero.com.br\\\/#\\\/schema\\\/logo\\\/image\\\/\"}}]}<\/script>\n<!-- \/ Yoast SEO plugin. -->","yoast_head_json":{"title":"About - Exclusive Recipe","robots":{"index":"index","follow":"follow","max-snippet":"max-snippet:-1","max-image-preview":"max-image-preview:large","max-video-preview":"max-video-preview:-1"},"canonical":"https:\/\/casapraquetequero.com.br\/en\/about\/","og_locale":"en_US","og_type":"article","og_title":"Sobre - Receita Exclusiva","og_description":"Se voc\u00ea tiver alguma d\u00favida sobre o Site, Publicidade e qualquer outro assunto, n\u00e3o hesite em nos contatar, estamos ansiosos para respond\u00ea-lo em nossa p\u00e1gina de contato, trabalhamos 24 horas neste campo e temos experi\u00eancia suficiente para fornecer enviar para Casa Pra Que Te Quero","og_url":"https:\/\/casapraquetequero.com.br\/en\/about\/","og_site_name":"Receita Exclusiva","article_modified_time":"2024-09-03T13:12:52+00:00","twitter_card":"summary_large_image","twitter_misc":{"Est. reading time":"1 minute"},"schema":{"@context":"https:\/\/schema.org","@graph":[{"@type":"WebPage","@id":"https:\/\/casapraquetequero.com.br\/sobre\/","url":"https:\/\/casapraquetequero.com.br\/sobre\/","name":"About - Exclusive Recipe","isPartOf":{"@id":"https:\/\/casapraquetequero.com.br\/#website"},"datePublished":"2024-08-05T09:26:40+00:00","dateModified":"2024-09-03T13:12:52+00:00","breadcrumb":{"@id":"https:\/\/casapraquetequero.com.br\/sobre\/#breadcrumb"},"inLanguage":"en-US","potentialAction":[{"@type":"ReadAction","target":["https:\/\/casapraquetequero.com.br\/sobre\/"]}]},{"@type":"BreadcrumbList","@id":"https:\/\/casapraquetequero.com.br\/sobre\/#breadcrumb","itemListElement":[{"@type":"ListItem","position":1,"name":"Home","item":"https:\/\/casapraquetequero.com.br\/"},{"@type":"ListItem","position":2,"name":"Sobre"}]},{"@type":"WebSite","@id":"https:\/\/casapraquetequero.com.br\/#website","url":"https:\/\/casapraquetequero.com.br\/","name":"Exclusive Recipe","description":"Connecting taste and comfort","publisher":{"@id":"https:\/\/casapraquetequero.com.br\/#organization"},"potentialAction":[{"@type":"SearchAction","target":{"@type":"EntryPoint","urlTemplate":"https:\/\/casapraquetequero.com.br\/?s={search_term_string}"},"query-input":{"@type":"PropertyValueSpecification","valueRequired":true,"valueName":"search_term_string"}}],"inLanguage":"en-US"},{"@type":"Organization","@id":"https:\/\/casapraquetequero.com.br\/#organization","name":"Exclusive Recipe","url":"https:\/\/casapraquetequero.com.br\/","logo":{"@type":"ImageObject","inLanguage":"en-US","@id":"https:\/\/casapraquetequero.com.br\/#\/schema\/logo\/image\/","url":"https:\/\/casapraquetequero.com.br\/wp-content\/uploads\/2024\/08\/cropped-casapraquetequero-logo.png","contentUrl":"https:\/\/casapraquetequero.com.br\/wp-content\/uploads\/2024\/08\/cropped-casapraquetequero-logo.png","width":188,"height":70,"caption":"Receita Exclusiva"},"image":{"@id":"https:\/\/casapraquetequero.com.br\/#\/schema\/logo\/image\/"}}]}},"_links":{"self":[{"href":"https:\/\/casapraquetequero.com.br\/en\/wp-json\/wp\/v2\/pages\/144","targetHints":{"allow":["GET"]}}],"collection":[{"href":"https:\/\/casapraquetequero.com.br\/en\/wp-json\/wp\/v2\/pages"}],"about":[{"href":"https:\/\/casapraquetequero.com.br\/en\/wp-json\/wp\/v2\/types\/page"}],"author":[{"embeddable":true,"href":"https:\/\/casapraquetequero.com.br\/en\/wp-json\/wp\/v2\/users\/1"}],"replies":[{"embeddable":true,"href":"https:\/\/casapraquetequero.com.br\/en\/wp-json\/wp\/v2\/comments?post=144"}],"version-history":[{"count":1,"href":"https:\/\/casapraquetequero.com.br\/en\/wp-json\/wp\/v2\/pages\/144\/revisions"}],"predecessor-version":[{"id":493,"href":"https:\/\/casapraquetequero.com.br\/en\/wp-json\/wp\/v2\/pages\/144\/revisions\/493"}],"wp:attachment":[{"href":"https:\/\/casapraquetequero.com.br\/en\/wp-json\/wp\/v2\/media?parent=144"}],"curies":[{"name":"wp","href":"https:\/\/api.w.org\/{rel}","templated":true}]}}