{"id":142,"date":"2024-08-05T09:26:38","date_gmt":"2024-08-05T09:26:38","guid":{"rendered":"https:\/\/casapraquetequero.com.br\/termos-e-condicoes\/"},"modified":"2024-09-03T13:12:34","modified_gmt":"2024-09-03T13:12:34","slug":"condiciones-generales","status":"publish","type":"page","link":"https:\/\/casapraquetequero.com.br\/es\/condiciones-generales\/","title":{"rendered":"Condiciones generales"},"content":{"rendered":"<html><body><h2><strong>Condiciones generales<\/strong><\/h2>\n<p>Bienvenido<\/p>\n<p>Estos t\u00e9rminos y condiciones describen las normas y reglamentos de uso del sitio web de Casa Pra Que Te Quero, ubicado en https:\/\/casapraquetequero.com.br\/.<\/p>\n<p>Al acceder a este sitio, asumimos que usted acepta estos t\u00e9rminos y condiciones. No contin\u00fae utilizando Exclusive Recipe si no acepta quedar vinculado por todos los t\u00e9rminos y condiciones establecidos en esta p\u00e1gina.<\/p>\n<p>La siguiente terminolog\u00eda se aplica a estos T\u00e9rminos y Condiciones, Declaraci\u00f3n de Privacidad y Aviso de Exenci\u00f3n de Responsabilidad y todos los Acuerdos: \u2018Cliente\u2019, \u2018Usted\u2019 y \u2018Su\u2019 se refieren a usted, la persona que se conecta a este sitio web y cumple con los t\u00e9rminos y condiciones de la Compa\u00f1\u00eda. \u2018La Empresa\u2019, \u2018Nosotros\u2019, \u2018Nos\u2019, \u2018Nuestro\u2019 y \u2018Nos\u2019 se refieren a nuestra Empresa. \u2018Parte\u2019, \u2018Partes\u2019 o \u2018Nosotros\u2019 se refieren al Cliente y a nosotros mismos. Todos los t\u00e9rminos se refieren a la oferta, aceptaci\u00f3n y contraprestaci\u00f3n de pago necesaria para llevar a cabo el proceso de nuestra asistencia al Cliente de la manera m\u00e1s adecuada con el prop\u00f3sito expreso de satisfacer las necesidades del Cliente con respecto a la prestaci\u00f3n de los servicios indicados de la Empresa, de conformidad con y con sujeci\u00f3n a la legislaci\u00f3n vigente de los Pa\u00edses Bajos. Cualquier uso de la terminolog\u00eda anterior u otras palabras en singular, plural, may\u00fascula y\/o \u00e9l\/ella se consideran intercambiables y, por tanto, como referidas a lo mismo.<\/p>\n<h3><strong>Cookies<\/strong><\/h3>\n<p>Utilizamos cookies. Al acceder a Casa Pra Que Te Quero, usted acepta el uso de cookies de acuerdo con la Pol\u00edtica de Privacidad de Casa Pra Que Te Quero.<\/p>\n<p>La mayor\u00eda de los sitios web interactivos utilizan cookies que nos permiten recuperar los datos del usuario en cada visita. Nuestro sitio utiliza cookies para permitir la funcionalidad de determinadas \u00e1reas y facilitar as\u00ed la visita a nuestro sitio. Algunos de nuestros afiliados \/ socios publicitarios tambi\u00e9n pueden utilizar cookies.<\/p>\n<h3><strong>Licencia<\/strong><\/h3>\n<p>A menos que se indique lo contrario, la Casa Pra Que Te Quero y\/o sus licenciadores poseen los derechos de propiedad intelectual de todo el material de la Casa Pra Que Te Quero. Todos los derechos de propiedad intelectual est\u00e1n reservados. Usted puede acceder a esta Receta Exclusiva para su uso personal sujeto a las restricciones establecidas en estos t\u00e9rminos y condiciones.<\/p>\n<p>No deber\u00edas:<\/p>\n<ul>\n<li>Volver a publicar material de Casa Pra Que Te Quero<\/li>\n<li>Vender, alquilar o sublicenciar material de Casa Pra Que Te Quero<\/li>\n<li>Reproducir, duplicar o copiar material de Casa Pra Que Te Quero<\/li>\n<li>Redistribuir contenidos de Casa Pra Que Te Quero<\/li>\n<\/ul>\n<p>El presente Acuerdo entrar\u00e1 en vigor en esta fecha. Nuestros T\u00e9rminos y Condiciones fueron creados con la ayuda de <a href=\"https:\/\/www.termsandconditionsgenerator.com\">Generador de t\u00e9rminos y condiciones<\/a> y el <a href=\"https:\/\/www.generateprivacypolicy.com\">Generador de pol\u00edtica de privacidad<\/a>.<\/p>\n<p>Algunas partes de este sitio ofrecen a los usuarios la oportunidad de publicar e intercambiar opiniones e informaci\u00f3n sobre determinadas \u00e1reas del sitio. Casa Pra Que Te Quero no controla, edita, publica o analiza Comentarios antes de su aparici\u00f3n en el sitio. Los comentarios no reflejan los puntos de vista y opiniones de la Receita Exclusiva, sus agentes y\/o afiliados. Los comentarios reflejan los puntos de vista y opiniones de la persona que publica sus puntos de vista y opiniones. En la medida permitida por las leyes aplicables, Casa Pra Que Te Quero no ser\u00e1 responsable por los Comentarios o por cualquier responsabilidad, da\u00f1os o gastos causados y\/o sufridos como resultado de cualquier uso de y\/o publicaci\u00f3n de y\/o aparici\u00f3n de los Comentarios en este sitio web.<\/p>\n<p>Receita Exclusiva se reserva el derecho de monitorear todos los Comentarios y de remover cualquier Comentario que pueda ser considerado inapropiado, ofensivo o que de alguna manera viole estos T\u00e9rminos y Condiciones.<\/p>\n<p>Usted garantiza y declara que:<\/p>\n<ul>\n<li>Tiene derecho a publicar los Comentarios en nuestro sitio web y dispone de todas las licencias y consentimientos necesarios para hacerlo;<\/li>\n<li>Los Comentarios no infringen ning\u00fan derecho de propiedad intelectual, incluidos, entre otros, derechos de autor, patentes o marcas comerciales de terceros;<\/li>\n<li>Los comentarios no contengan material difamatorio, calumnioso, ofensivo, indecente o ilegal que suponga una invasi\u00f3n de la intimidad.<\/li>\n<li>Los comentarios no se utilizar\u00e1n para solicitar o promocionar negocios ni para personalizar o presentar actividades comerciales o actividades ilegales.<\/li>\n<\/ul>\n<p>Por la presente concede a Exclusive Recipe una licencia no exclusiva para utilizar, reproducir, editar y autorizar a otros a utilizar, reproducir y editar cualquiera de sus Comentarios en todas y cada una de las formas, formatos o medios.<\/p>\n<h3><strong>Hiperv\u00ednculo a nuestro contenido<\/strong><\/h3>\n<p>Las siguientes organizaciones pueden conectarse a nuestro sitio web sin autorizaci\u00f3n previa por escrito:<\/p>\n<ul>\n<li>Agencias gubernamentales;<\/li>\n<li>Mecanismos de b\u00fasqueda;<\/li>\n<li>Organizaciones de noticias;<\/li>\n<li>Los distribuidores de directorios en l\u00ednea pueden enlazar con nuestro sitio de la misma forma que lo hacen con los sitios de otras empresas que cotizan en bolsa.<\/li>\n<li>Empresas acreditadas en todo el sistema, salvo solicitudes de organizaciones sin \u00e1nimo de lucro, centros comerciales ben\u00e9ficos y grupos de recaudaci\u00f3n de fondos ben\u00e9ficos que no pueden enlazar con nuestro sitio.<\/li>\n<\/ul>\n<p>Estas organizaciones pueden enlazar con nuestra p\u00e1gina de inicio, publicaciones u otra informaci\u00f3n del sitio, siempre que el enlace (a) no sea en modo alguno enga\u00f1oso; (b) no implique falsamente el patrocinio, respaldo o aprobaci\u00f3n de la parte enlazante y sus productos y\/o servicios; y (c) se ajuste al contexto del sitio web de la parte enlazante.<\/p>\n<p>Podemos considerar y aprobar otras solicitudes de enlace de los siguientes tipos de organizaciones: \/p&gt;<\/p>\n<ul>\n<li>las fuentes m\u00e1s conocidas de informaci\u00f3n comercial y\/o de consumo;<\/li>\n<li>sitios de la comunidad punto.com;<\/li>\n<li>asociaciones u otros grupos que representen a organizaciones ben\u00e9ficas;<\/li>\n<li>distribuidores de directorios en l\u00ednea;<\/li>\n<li>portales de internet;<\/li>\n<li>empresas de contabilidad, abogac\u00eda y consultor\u00eda; y<\/li>\n<li>instituciones educativas y asociaciones comerciales.<\/li>\n<\/ul>\n<p>Aprobaremos las solicitudes de enlace de estas organizaciones si decidimos que: (a) el enlace no nos har\u00eda quedar mal con nosotros mismos o con nuestras empresas acreditadas; (b) la organizaci\u00f3n no tiene antecedentes negativos con nosotros; (c) el beneficio para nosotros de la visibilidad del hiperv\u00ednculo supera la ausencia de Ingresos Exclusivos; y (d) el enlace est\u00e1 en el contexto de informaci\u00f3n general sobre recursos.<\/p>\n<p>Estas organizaciones pueden enlazar con nuestra p\u00e1gina de inicio, siempre que el enlace (a) no sea en modo alguno enga\u00f1oso; (b) no implique falsamente el patrocinio, respaldo o aprobaci\u00f3n de la parte enlazante y sus productos o servicios; y (c) se ajuste al contexto del sitio web de la parte enlazante.<\/p>\n<p>Si usted es una de las organizaciones enumeradas en el apartado 2 anterior y est\u00e1 interesado en establecer un enlace con nuestro sitio, debe comunic\u00e1rnoslo enviando un correo electr\u00f3nico a Exclusive Revenue. Incluya su nombre, el nombre de su organizaci\u00f3n, informaci\u00f3n de contacto, as\u00ed como la URL de su sitio, una lista de las URL desde las que pretende enlazar a nuestro sitio y una lista de las URL de nuestro sitio a las que le gustar\u00eda enlazar. Espere 2-3 semanas para recibir una respuesta.<\/p>\n<p>Las organizaciones autorizadas pueden establecer hiperenlaces con nuestro sitio web de la siguiente manera:<\/p>\n<ul>\n<li>El uso de nuestro nombre comercial; o<\/li>\n<li>Utilizando el localizador uniforme de recursos al que est\u00e1 vinculado; o<\/li>\n<li>Utilizando cualquier otra descripci\u00f3n de nuestro sitio enlazado que tenga sentido dentro del contexto y el formato del contenido del sitio de la parte enlazada.<\/li>\n<\/ul>\n<p>No se permitir\u00e1 el uso del logotipo de Casa Pra Que Te Quero ni de otras ilustraciones para establecer enlaces, en ausencia de un acuerdo de licencia de marca.<\/p>\n<h3><strong>iFrames<\/strong><\/h3>\n<p>Sin previa aprobaci\u00f3n y autorizaci\u00f3n por escrito, no podr\u00e1 crear marcos alrededor de nuestras p\u00e1ginas web que alteren en modo alguno la presentaci\u00f3n visual o el aspecto de nuestro sitio.<\/p>\n<h3><strong>Responsabilidad del contenido<\/strong><\/h3>\n<p>No seremos responsables de ning\u00fan contenido que aparezca en su sitio. Usted se compromete a protegernos y defendernos de todas las reclamaciones que surjan en su sitio. No debe aparecer ning\u00fan enlace en ning\u00fan sitio que pueda interpretarse como difamatorio, obsceno o delictivo, o que infrinja, viole de otro modo o propugne la infracci\u00f3n u otra violaci\u00f3n de los derechos de terceros.<\/p>\n<h3><strong>Tu privacidad<\/strong><\/h3>\n<p>Lea la Pol\u00edtica de privacidad<\/p>\n<h3><strong>Reserva de derechos<\/strong><\/h3>\n<p>Nos reservamos el derecho a solicitarle que elimine todos los enlaces o cualquier enlace espec\u00edfico a nuestro sitio. Usted aprueba la eliminaci\u00f3n inmediata de todos los enlaces a nuestro sitio previa solicitud. Tambi\u00e9n nos reservamos el derecho a modificar estas condiciones y su pol\u00edtica de enlaces en cualquier momento. Al enlazar continuamente con nuestro sitio, usted se compromete a respetar y cumplir estos t\u00e9rminos y condiciones de enlace.<\/p>\n<h3><strong> Eliminar enlaces de nuestro sitio<\/strong><\/h3>\n<p>Si encuentra alg\u00fan enlace en nuestro sitio que le resulte ofensivo por cualquier motivo, le invitamos a que se ponga en contacto con nosotros y nos lo comunique en cualquier momento. Tendremos en cuenta las solicitudes de eliminaci\u00f3n de enlaces, pero no estamos obligados a hacerlo ni a responderle directamente.<\/p>\n<p>No garantizamos que la informaci\u00f3n contenida en este sitio sea correcta, ni garantizamos que sea completa o exacta; tampoco nos comprometemos a garantizar que el sitio siga estando disponible o que el material que contiene se mantenga actualizado.<\/p>\n<h3><strong>Menciones legales<\/strong><\/h3>\n<p>En la medida m\u00e1xima permitida por la ley aplicable, excluimos todas las representaciones, garant\u00edas y condiciones relacionadas con nuestro sitio web y el uso de este sitio web. Nada de lo contenido en este aviso:<\/p>\n<ul>\n<li>limitar o excluir nuestra responsabilidad o su responsabilidad por muerte o lesiones personales;<\/li>\n<li>limitar o excluir nuestra responsabilidad o su responsabilidad por fraude o tergiversaci\u00f3n fraudulenta;<\/li>\n<li>limitar cualquiera de nuestras responsabilidades de cualquier forma que no est\u00e9 permitida por la legislaci\u00f3n aplicable; o<\/li>\n<li>excluir cualquiera de nuestras responsabilidades que no puedan excluirse en virtud de la legislaci\u00f3n aplicable.<\/li>\n<\/ul>\n<p>Las limitaciones y prohibiciones de responsabilidad establecidas en esta secci\u00f3n y en otras partes de esta cl\u00e1usula de exenci\u00f3n de responsabilidad: (a) est\u00e1n sujetas al p\u00e1rrafo anterior; y (b) rigen todas las responsabilidades derivadas de la cl\u00e1usula de exenci\u00f3n de responsabilidad, incluidas las responsabilidades contractuales, extracontractuales y por incumplimiento de obligaciones legales.<\/p>\n<p>Mientras el sitio web y la informaci\u00f3n y los servicios que contiene se proporcionen gratuitamente, no seremos responsables de ninguna p\u00e9rdida o da\u00f1o de ning\u00fan tipo.<\/p>\n<\/body><\/html>","protected":false},"excerpt":{"rendered":"<p>Termos e Condi\u00e7\u00f5es Bem-vindo Estes termos e condi\u00e7\u00f5es descrevem as regras e regulamentos para o uso de Casa Pra Que Te Quero Site de, localizado em https:\/\/casapraquetequero.com.br\/. Ao acessar este site, presumimos que voc\u00ea aceita estes termos e condi\u00e7\u00f5es. N\u00e3o continue a usar a Receita Exclusiva se n\u00e3o concordar em cumprir todos os termos e [&hellip;]<\/p>\n","protected":false},"author":1,"featured_media":0,"parent":0,"menu_order":0,"comment_status":"closed","ping_status":"closed","template":"","meta":{"footnotes":""},"class_list":["post-142","page","type-page","status-publish","hentry"],"yoast_head":"<!-- This site is optimized with the Yoast SEO plugin v27.3 - https:\/\/yoast.com\/product\/yoast-seo-wordpress\/ -->\n<title>Termos e Condi\u00e7\u00f5es - Receita Exclusiva<\/title>\n<meta name=\"robots\" content=\"index, follow, max-snippet:-1, max-image-preview:large, max-video-preview:-1\" \/>\n<link rel=\"canonical\" href=\"https:\/\/casapraquetequero.com.br\/es\/condiciones-generales\/\" \/>\n<meta property=\"og:locale\" content=\"es_ES\" \/>\n<meta property=\"og:type\" content=\"article\" \/>\n<meta property=\"og:title\" content=\"Termos e Condi\u00e7\u00f5es - Receita Exclusiva\" \/>\n<meta property=\"og:description\" content=\"Termos e Condi\u00e7\u00f5es Bem-vindo Estes termos e condi\u00e7\u00f5es descrevem as regras e regulamentos para o uso de Casa Pra Que Te Quero Site de, localizado em https:\/\/casapraquetequero.com.br\/. Ao acessar este site, presumimos que voc\u00ea aceita estes termos e condi\u00e7\u00f5es. N\u00e3o continue a usar a Receita Exclusiva se n\u00e3o concordar em cumprir todos os termos e [&hellip;]\" \/>\n<meta property=\"og:url\" content=\"https:\/\/casapraquetequero.com.br\/es\/condiciones-generales\/\" \/>\n<meta property=\"og:site_name\" content=\"Receita Exclusiva\" \/>\n<meta property=\"article:modified_time\" content=\"2024-09-03T13:12:34+00:00\" \/>\n<meta name=\"twitter:card\" content=\"summary_large_image\" \/>\n<meta name=\"twitter:label1\" content=\"Tiempo de lectura\" \/>\n\t<meta name=\"twitter:data1\" content=\"9 minutos\" \/>\n<script type=\"application\/ld+json\" class=\"yoast-schema-graph\">{\"@context\":\"https:\\\/\\\/schema.org\",\"@graph\":[{\"@type\":\"WebPage\",\"@id\":\"https:\\\/\\\/casapraquetequero.com.br\\\/termos-e-condicoes\\\/\",\"url\":\"https:\\\/\\\/casapraquetequero.com.br\\\/termos-e-condicoes\\\/\",\"name\":\"Termos e Condi\u00e7\u00f5es - Receita Exclusiva\",\"isPartOf\":{\"@id\":\"https:\\\/\\\/casapraquetequero.com.br\\\/#website\"},\"datePublished\":\"2024-08-05T09:26:38+00:00\",\"dateModified\":\"2024-09-03T13:12:34+00:00\",\"breadcrumb\":{\"@id\":\"https:\\\/\\\/casapraquetequero.com.br\\\/termos-e-condicoes\\\/#breadcrumb\"},\"inLanguage\":\"es\",\"potentialAction\":[{\"@type\":\"ReadAction\",\"target\":[\"https:\\\/\\\/casapraquetequero.com.br\\\/termos-e-condicoes\\\/\"]}]},{\"@type\":\"BreadcrumbList\",\"@id\":\"https:\\\/\\\/casapraquetequero.com.br\\\/termos-e-condicoes\\\/#breadcrumb\",\"itemListElement\":[{\"@type\":\"ListItem\",\"position\":1,\"name\":\"Home\",\"item\":\"https:\\\/\\\/casapraquetequero.com.br\\\/\"},{\"@type\":\"ListItem\",\"position\":2,\"name\":\"Termos e Condi\u00e7\u00f5es\"}]},{\"@type\":\"WebSite\",\"@id\":\"https:\\\/\\\/casapraquetequero.com.br\\\/#website\",\"url\":\"https:\\\/\\\/casapraquetequero.com.br\\\/\",\"name\":\"Receita Exclusiva\",\"description\":\"Conectando sabor e conforto\",\"publisher\":{\"@id\":\"https:\\\/\\\/casapraquetequero.com.br\\\/#organization\"},\"potentialAction\":[{\"@type\":\"SearchAction\",\"target\":{\"@type\":\"EntryPoint\",\"urlTemplate\":\"https:\\\/\\\/casapraquetequero.com.br\\\/?s={search_term_string}\"},\"query-input\":{\"@type\":\"PropertyValueSpecification\",\"valueRequired\":true,\"valueName\":\"search_term_string\"}}],\"inLanguage\":\"es\"},{\"@type\":\"Organization\",\"@id\":\"https:\\\/\\\/casapraquetequero.com.br\\\/#organization\",\"name\":\"Receita Exclusiva\",\"url\":\"https:\\\/\\\/casapraquetequero.com.br\\\/\",\"logo\":{\"@type\":\"ImageObject\",\"inLanguage\":\"es\",\"@id\":\"https:\\\/\\\/casapraquetequero.com.br\\\/#\\\/schema\\\/logo\\\/image\\\/\",\"url\":\"https:\\\/\\\/casapraquetequero.com.br\\\/wp-content\\\/uploads\\\/2024\\\/08\\\/cropped-casapraquetequero-logo.png\",\"contentUrl\":\"https:\\\/\\\/casapraquetequero.com.br\\\/wp-content\\\/uploads\\\/2024\\\/08\\\/cropped-casapraquetequero-logo.png\",\"width\":188,\"height\":70,\"caption\":\"Receita Exclusiva\"},\"image\":{\"@id\":\"https:\\\/\\\/casapraquetequero.com.br\\\/#\\\/schema\\\/logo\\\/image\\\/\"}}]}<\/script>\n<!-- \/ Yoast SEO plugin. -->","yoast_head_json":{"title":"Condiciones generales - Receta exclusiva","robots":{"index":"index","follow":"follow","max-snippet":"max-snippet:-1","max-image-preview":"max-image-preview:large","max-video-preview":"max-video-preview:-1"},"canonical":"https:\/\/casapraquetequero.com.br\/es\/condiciones-generales\/","og_locale":"es_ES","og_type":"article","og_title":"Termos e Condi\u00e7\u00f5es - Receita Exclusiva","og_description":"Termos e Condi\u00e7\u00f5es Bem-vindo Estes termos e condi\u00e7\u00f5es descrevem as regras e regulamentos para o uso de Casa Pra Que Te Quero Site de, localizado em https:\/\/casapraquetequero.com.br\/. Ao acessar este site, presumimos que voc\u00ea aceita estes termos e condi\u00e7\u00f5es. N\u00e3o continue a usar a Receita Exclusiva se n\u00e3o concordar em cumprir todos os termos e [&hellip;]","og_url":"https:\/\/casapraquetequero.com.br\/es\/condiciones-generales\/","og_site_name":"Receita Exclusiva","article_modified_time":"2024-09-03T13:12:34+00:00","twitter_card":"summary_large_image","twitter_misc":{"Tiempo de lectura":"9 minutos"},"schema":{"@context":"https:\/\/schema.org","@graph":[{"@type":"WebPage","@id":"https:\/\/casapraquetequero.com.br\/termos-e-condicoes\/","url":"https:\/\/casapraquetequero.com.br\/termos-e-condicoes\/","name":"Condiciones generales - Receta exclusiva","isPartOf":{"@id":"https:\/\/casapraquetequero.com.br\/#website"},"datePublished":"2024-08-05T09:26:38+00:00","dateModified":"2024-09-03T13:12:34+00:00","breadcrumb":{"@id":"https:\/\/casapraquetequero.com.br\/termos-e-condicoes\/#breadcrumb"},"inLanguage":"es","potentialAction":[{"@type":"ReadAction","target":["https:\/\/casapraquetequero.com.br\/termos-e-condicoes\/"]}]},{"@type":"BreadcrumbList","@id":"https:\/\/casapraquetequero.com.br\/termos-e-condicoes\/#breadcrumb","itemListElement":[{"@type":"ListItem","position":1,"name":"Home","item":"https:\/\/casapraquetequero.com.br\/"},{"@type":"ListItem","position":2,"name":"Termos e Condi\u00e7\u00f5es"}]},{"@type":"WebSite","@id":"https:\/\/casapraquetequero.com.br\/#website","url":"https:\/\/casapraquetequero.com.br\/","name":"Receta exclusiva","description":"Conectar sabor y comodidad","publisher":{"@id":"https:\/\/casapraquetequero.com.br\/#organization"},"potentialAction":[{"@type":"SearchAction","target":{"@type":"EntryPoint","urlTemplate":"https:\/\/casapraquetequero.com.br\/?s={search_term_string}"},"query-input":{"@type":"PropertyValueSpecification","valueRequired":true,"valueName":"search_term_string"}}],"inLanguage":"es"},{"@type":"Organization","@id":"https:\/\/casapraquetequero.com.br\/#organization","name":"Receta exclusiva","url":"https:\/\/casapraquetequero.com.br\/","logo":{"@type":"ImageObject","inLanguage":"es","@id":"https:\/\/casapraquetequero.com.br\/#\/schema\/logo\/image\/","url":"https:\/\/casapraquetequero.com.br\/wp-content\/uploads\/2024\/08\/cropped-casapraquetequero-logo.png","contentUrl":"https:\/\/casapraquetequero.com.br\/wp-content\/uploads\/2024\/08\/cropped-casapraquetequero-logo.png","width":188,"height":70,"caption":"Receita Exclusiva"},"image":{"@id":"https:\/\/casapraquetequero.com.br\/#\/schema\/logo\/image\/"}}]}},"_links":{"self":[{"href":"https:\/\/casapraquetequero.com.br\/es\/wp-json\/wp\/v2\/pages\/142","targetHints":{"allow":["GET"]}}],"collection":[{"href":"https:\/\/casapraquetequero.com.br\/es\/wp-json\/wp\/v2\/pages"}],"about":[{"href":"https:\/\/casapraquetequero.com.br\/es\/wp-json\/wp\/v2\/types\/page"}],"author":[{"embeddable":true,"href":"https:\/\/casapraquetequero.com.br\/es\/wp-json\/wp\/v2\/users\/1"}],"replies":[{"embeddable":true,"href":"https:\/\/casapraquetequero.com.br\/es\/wp-json\/wp\/v2\/comments?post=142"}],"version-history":[{"count":1,"href":"https:\/\/casapraquetequero.com.br\/es\/wp-json\/wp\/v2\/pages\/142\/revisions"}],"predecessor-version":[{"id":486,"href":"https:\/\/casapraquetequero.com.br\/es\/wp-json\/wp\/v2\/pages\/142\/revisions\/486"}],"wp:attachment":[{"href":"https:\/\/casapraquetequero.com.br\/es\/wp-json\/wp\/v2\/media?parent=142"}],"curies":[{"name":"wp","href":"https:\/\/api.w.org\/{rel}","templated":true}]}}